{"id":14,"date":"2017-05-12T16:17:59","date_gmt":"2017-05-12T16:17:59","guid":{"rendered":"http:\/\/mero.com.ar\/?page_id=14"},"modified":"2020-10-30T12:32:09","modified_gmt":"2020-10-30T12:32:09","slug":"nuestra-empresa","status":"publish","type":"page","link":"https:\/\/mero.com.ar\/?page_id=14","title":{"rendered":"NUESTRA EMPRESA"},"content":{"rendered":"<p>[vc_row][vc_column][vc_separator][vc_custom_heading text=\u00bbMERO S.A. &#8211; Compa\u00f1\u00eda L\u00edder en la Cuenca del Golfo San Jorge\u00bb use_theme_fonts=\u00bbyes\u00bb font_weight=\u00bb400&#8243; text_transform=\u00bbnone\u00bb heading_style=\u00bbheading\u00bb sub_heading_character_color=\u00bbrgba(0,0,0,0.4)\u00bb][\/vc_column][\/vc_row][vc_row][vc_column width=\u00bb2\/3&#8243;][vc_column_text]<span style=\"color: #000000;\">Somos una empresa patag\u00f3nica de Servicios Petroleros y Gas\u00edferos\u00a0especializada en mantenimiento integral de instalaciones<\/span>, con aplicaci\u00f3n de: tecnolog\u00eda, innovaci\u00f3n, desarrollo propio de equipos y productos, y mano de obra calificada; que nos permite continuar con la b\u00fasqueda de nuestro principal objetivo:<span style=\"color: #000000;\">\u00a0La Excelencia.<\/span><\/p>\n<p>Poseemos una reconocida experiencia brindando soluciones a las necesidades de nuestros Clientes, con m\u00e1s de\u00a0<span style=\"color: #000000;\">30 a\u00f1os<\/span>\u00a0de actividad, constituy\u00e9ndonos como una\u00a0<span style=\"color: #000000;\">Empresa referente<\/span>\u00a0en las operaciones de las Cuencas del Golfo San Jorge, Austral, Neuquina, e incluso en el exterior.[\/vc_column_text][vc_custom_heading text=\u00bbRese\u00f1a Institucional \u00bb use_theme_fonts=\u00bbyes\u00bb font_weight=\u00bb400&#8243; text_transform=\u00bbnone\u00bb heading_style=\u00bbheading\u00bb sub_heading_character_color=\u00bbrgba(0,0,0,0.4)\u00bb][vc_column_text]MERO S.A. comenz\u00f3 sus actividades en el a\u00f1o 1984 desarrollando tareas de venta de productos qu\u00edmicos y lubricantes especiales, aplicados al mantenimiento preventivo de m\u00e1quinas, motores y equipos industriales.<\/p>\n<p>La inserci\u00f3n en la industria de grandes maquinas, potenci\u00f3 la evoluci\u00f3n t\u00e9cnica del Mantenimiento que por esos tiempos no brindaba la atenci\u00f3n acorde a las mismas, ni a los est\u00e1ndares internacionales: es as\u00ed como nace el <span style=\"color: #000000;\">Laboratorio Tribol\u00f3gico de Diagn\u00f3stico.<\/span><\/p>\n<p>En\u00a01993, con el desarrollo de nuevos productos relacionados al Mantenimiento Preventivo de Cajas Reductoras de AIB ( Aparatos Individuales de Bombeo ), comienza una etapa de servicios en yacimientos en la zona del Golfo San Jorge, que luego se expandir\u00eda a las cuencas Neuquina y Austral ( Tierra del Fuego ).<\/p>\n<p>Este paso inicial en la b\u00fasqueda permanente del crecimiento continuo y la perspectiva del Mantenimiento Preventivo, permiti\u00f3 incursionar en \u00e1reas de Producci\u00f3n de Petr\u00f3leo y posteriormente de Gas; comenzando con el desarrollo en sistemas de limpieza de instalaciones de superficie.<\/p>\n<p>Esto signific\u00f3 el dise\u00f1o de equipos combinados e innovadores, que permitieron contar en locaci\u00f3n con un servicio completamente aut\u00f3nomo y de alta calidad.<\/p>\n<p>La limpieza fue y es s\u00f3lo parte inicial de nuestros procesos de mantenimiento; a la que sobreviene luego un esquema de inspecci\u00f3n y diagn\u00f3stico.<\/p>\n<p>Un \u00edcono dentro de nuestros servicios de diagn\u00f3stico, fue la inspecci\u00f3n de tanques con el principio de MFL<br \/>\n( Magnetic Flux Leakage ) junto a RIT ( Rosen Inspection Technologies ) de Alemania: Otro ejemplo de nuestro camino hacia La Excelencia.<\/p>\n<p>Actualmente, nuestra actividad nos encuentra presentes en instalaciones de fondo de pozos,<br \/>\na trav\u00e9s de la provisi\u00f3n de productos para la industria del gas, comercializando barras de acci\u00f3n espumante, anticorrosiva, etc., dirigidas a resolver problemas espec\u00edficos de producci\u00f3n y mantenimiento preventivo.<\/p>\n<p><span style=\"color: #000000;\">Hoy en d\u00eda MERO S.A. cuenta con alrededor de 100 integrantes <\/span><span style=\"color: #000000;\">que colaboran con el compromiso de continuar entregando\u00a0<em>Soluciones con Calidad<\/em>.<\/span>[\/vc_column_text][\/vc_column][vc_column width=\u00bb1\/3&#8243;][vc_single_image image=\u00bb1925&#8243; img_size=\u00bb250&#215;150&#8243; alignment=\u00bbcenter\u00bb][vc_separator border_width=\u00bb2&#8243; el_width=\u00bb70&#8243;][vc_single_image image=\u00bb1924&#8243; img_size=\u00bb250&#215;150&#8243; alignment=\u00bbcenter\u00bb][vc_separator border_width=\u00bb2&#8243; el_width=\u00bb70&#8243;][vc_single_image image=\u00bb1921&#8243; img_size=\u00bb250&#215;150&#8243; alignment=\u00bbcenter\u00bb][vc_separator border_width=\u00bb2&#8243; el_width=\u00bb70&#8243;][vc_single_image image=\u00bb1918&#8243; img_size=\u00bb250&#215;150&#8243; alignment=\u00bbcenter\u00bb][vc_separator border_width=\u00bb2&#8243; el_width=\u00bb70&#8243;][\/vc_column][\/vc_row][vc_row][vc_column][vc_tta_tabs][vc_tta_section title=\u00bbMisi\u00f3n\u00bb tab_id=\u00bb1509110364747-2c3fe5e1-dfd8&#8243;][vc_custom_heading text=\u00bb- Utilizar la mejora continua buscando la excelencia para ofrecer Soluciones con Calidad, superar las expectativas de nuestros clientes en forma eficiente y oportuna.<\/p>\n<p>\u00bb font_container=\u00bbtag:div|font_size:16|text_align:justify\u00bb use_theme_fonts=\u00bbyes\u00bb font_weight=\u00bb300&#8243; text_transform=\u00bbnone\u00bb sub_heading_character_color=\u00bbrgba(0,0,0,0.4)\u00bb][\/vc_tta_section][vc_tta_section title=\u00bbVisi\u00f3n\u00bb tab_id=\u00bb1509110364874-a7760bcd-4f11&#8243;][vc_custom_heading text=\u00bb- Posicionarnos como una empresa l\u00edder en Sudam\u00e9rica, proveedora de servicios especiales e innovadores para la industria en general.<\/p>\n<p>\u00bb font_container=\u00bbtag:div|font_size:16|text_align:justify\u00bb use_theme_fonts=\u00bbyes\u00bb font_weight=\u00bb300&#8243; text_transform=\u00bbnone\u00bb sub_heading_character_color=\u00bbrgba(0,0,0,0.4)\u00bb][\/vc_tta_section][vc_tta_section title=\u00bbObjetivos\u00bb tab_id=\u00bb1509110469304-48e697db-9c63&#8243;][vc_custom_heading text=\u00bb- Proporcionar valor agregado a nuestros clientes.<\/p>\n<p>&#8211; Ser reconocidos como un empleador a primera elecci\u00f3n.<\/p>\n<p>&#8211; Asumir que el cuidado de la Salud, la Seguridad y del Medio Ambiente es una responsabilidad de todos y cada uno.<\/p>\n<p>&#8211; Obtener un alto desempe\u00f1o y una mejor calidad en los servicios prestados, a trav\u00e9s de la capacitaci\u00f3n de los integrantes de la empresa.<\/p>\n<p>&#8211; Elevar la productividad y optimizar los recursos para reducir los costos y aumentar la eficiencia de la empresa.\u00bb font_container=\u00bbtag:div|font_size:16|text_align:justify\u00bb use_theme_fonts=\u00bbyes\u00bb font_weight=\u00bb400&#8243; text_transform=\u00bbnone\u00bb sub_heading_character_color=\u00bbrgba(0,0,0,0.4)\u00bb][\/vc_tta_section][\/vc_tta_tabs][vc_empty_space height=\u00bb2px\u00bb][\/vc_column][\/vc_row][vc_row][vc_column][vc_custom_heading text=\u00bbGaler\u00eda de Im\u00e1genes\u00bb use_theme_fonts=\u00bbyes\u00bb font_weight=\u00bb400&#8243; text_transform=\u00bbnone\u00bb heading_style=\u00bbheading\u00bb sub_heading_character_color=\u00bbrgba(0,0,0,0.4)\u00bb][\/vc_column][\/vc_row][vc_row][vc_column][vc_column_text]<\/p>\n<!-- Carousel Style & Script for  gallery-6a008ac6ebe72 -->\r\n\r\n<script type=\"text\/javascript\">\r\n\/\/ <![CDATA[\r\n\/* START --- Image Carousel --- *\/\r\n\r\njQuery(document).ready(function($) {\r\n\r\n    \r\n    $('.ghozylab-gallery img').each(function(i) {\r\n\r\n        $alt = $(this).attr('alt');\r\n\r\n        \/\/ Replace default title to more fancy :)\r\n        $(this).attr('alt', $alt.replace(\/-|_\/g, ' '));\r\n\r\n        $altnew = $(this).attr('alt').toLowerCase().replace(\/\\b[a-z]\/g, function(letter) {\r\n\r\n            return letter.toUpperCase();\r\n\r\n        });\r\n\r\n        $(this).attr('alt', $altnew);\r\n        \/\/ Compatibility with Zoom Lite Theme Image LazyLoad\r\n        $(this).removeAttr('data-lazy-src');\r\n\r\n    });\r\n\r\n    \r\n    $('#icppreloader-gallery-6a008ac6ebe72').fadeOut(300, function() {\r\n        $('#gallery-6a008ac6ebe72').fadeIn(300);\r\n        var slider6a008ac6ebe72 = $('#gallery-6a008ac6ebe72').bxSlider({\r\n            auto: true,\r\n            pause: 6000,\r\n            autoHover: true,\r\n            moveSlides: 5,\r\n            minSlides: 5,\r\n            maxSlides: 5,\r\n            slideWidth: 250,\r\n            slideMargin: 10,\r\n            startSlide: 0,\r\n            infiniteLoop: true,\r\n            captions: true,\r\n            captionsMode: 'alt',\r\n            adaptiveHeight: false,\r\n            useCSS: false,\r\n            pager: true,\r\n            easing: 'easeInSine',\r\n            speed: 2500,\r\n            preloadImages: 'all',\r\n            onSlideBefore: function() {\r\n                                $('#gallery-6a008ac6ebe72 .bx-caption').slideUp();\r\n                            },\r\n            onSlideAfter: function($slideElement, oldIndex, newIndex) {\r\n                                slider6a008ac6ebe72.stopAuto();\r\n                slider6a008ac6ebe72.startAuto();\r\n                                $('#gallery-6a008ac6ebe72 .bx-caption').slideDown();\r\n                            }\r\n        });\r\n\r\n    });\r\n});\r\n\r\n\/* END --- Image Carousel --- *\/\r\n\r\n\/\/ ]]>\r\n<\/script>\r\n\r\n<style type=\"text\/css\">\r\n.markup-gallery-6a008ac6ebe72 .carousel-item img {width: 100%;margin: 0 auto;border:none !important;border-radius: 0px !important;box-shadow:none !important;}.markup-gallery-6a008ac6ebe72 .bx-controls-direction a {display: none;}.markup-gallery-6a008ac6ebe72 .bx-wrapper:hover .bx-controls-direction a {display: block;}.markup-gallery-6a008ac6ebe72 .bx-controls-direction a { display: block !important;}.markup-gallery-6a008ac6ebe72 .bx-viewport { height: auto !important;}1<\/style>\r\n\r\n\n\t\t<div id='icppreloader-gallery-6a008ac6ebe72' class='icpsliderpreloader'><\/div><div class='markup-gallery-6a008ac6ebe72'><div style='display:none;' id='gallery-6a008ac6ebe72' class='ghozylab-gallery galleryid-14 gallery-size-full'><div class='carousel-item'><a   href='https:\/\/mero.com.ar\/wp-content\/uploads\/2017\/07\/000_1199-1024x768.jpg'><img width=\"1024\" height=\"768\" src=\"https:\/\/mero.com.ar\/wp-content\/uploads\/2017\/07\/000_1199.jpg\" class=\"attachment-full size-full\" alt=\"\" loading=\"lazy\" \/><\/a><\/div><div class='carousel-item'><a   href='https:\/\/mero.com.ar\/wp-content\/uploads\/2017\/07\/1P1050001-1024x1024.jpg'><img width=\"576\" height=\"768\" src=\"https:\/\/mero.com.ar\/wp-content\/uploads\/2017\/07\/1P1050001.jpg\" class=\"attachment-full size-full\" alt=\"\" loading=\"lazy\" \/><\/a><\/div><div class='carousel-item'><a   href='https:\/\/mero.com.ar\/wp-content\/uploads\/2017\/07\/1P1050007-1024x1024.jpg'><img width=\"576\" height=\"768\" src=\"https:\/\/mero.com.ar\/wp-content\/uploads\/2017\/07\/1P1050007.jpg\" class=\"attachment-full size-full\" alt=\"\" loading=\"lazy\" \/><\/a><\/div><div class='carousel-item'><a   href='https:\/\/mero.com.ar\/wp-content\/uploads\/2017\/07\/100_3927-1024x768.jpg'><img width=\"1024\" height=\"768\" src=\"https:\/\/mero.com.ar\/wp-content\/uploads\/2017\/07\/100_3927.jpg\" class=\"attachment-full size-full\" alt=\"\" loading=\"lazy\" \/><\/a><\/div><div class='carousel-item'><a   href='https:\/\/mero.com.ar\/wp-content\/uploads\/2017\/07\/101_0248-1024x768.jpg'><img width=\"1024\" height=\"768\" src=\"https:\/\/mero.com.ar\/wp-content\/uploads\/2017\/07\/101_0248.jpg\" class=\"attachment-full size-full\" alt=\"\" loading=\"lazy\" \/><\/a><\/div><div class='carousel-item'><a   href='https:\/\/mero.com.ar\/wp-content\/uploads\/2017\/07\/101_0250-1024x768.jpg'><img width=\"1024\" height=\"768\" src=\"https:\/\/mero.com.ar\/wp-content\/uploads\/2017\/07\/101_0250.jpg\" class=\"attachment-full size-full\" alt=\"\" loading=\"lazy\" \/><\/a><\/div><div class='carousel-item'><a   href='https:\/\/mero.com.ar\/wp-content\/uploads\/2017\/07\/101_0286-1024x768.jpg'><img width=\"1024\" height=\"768\" src=\"https:\/\/mero.com.ar\/wp-content\/uploads\/2017\/07\/101_0286.jpg\" class=\"attachment-full size-full\" alt=\"\" loading=\"lazy\" \/><\/a><\/div><div class='carousel-item'><a   href='https:\/\/mero.com.ar\/wp-content\/uploads\/2017\/07\/Base-Comodoro-Rivadavia-1-1024x576.jpg'><img width=\"1365\" height=\"768\" src=\"https:\/\/mero.com.ar\/wp-content\/uploads\/2017\/07\/Base-Comodoro-Rivadavia-1.jpg\" class=\"attachment-full size-full\" alt=\"\" loading=\"lazy\" \/><\/a><\/div><div class='carousel-item'><a   href='https:\/\/mero.com.ar\/wp-content\/uploads\/2017\/07\/Base-Valle-Hermoso-1024x768.jpg'><img width=\"1024\" height=\"768\" src=\"https:\/\/mero.com.ar\/wp-content\/uploads\/2017\/07\/Base-Valle-Hermoso.jpg\" class=\"attachment-full size-full\" alt=\"\" loading=\"lazy\" \/><\/a><\/div><div class='carousel-item'><a   href='https:\/\/mero.com.ar\/wp-content\/uploads\/2017\/07\/Doble-esfuerzo-1024x768.jpg'><img width=\"1024\" height=\"768\" src=\"https:\/\/mero.com.ar\/wp-content\/uploads\/2017\/07\/Doble-esfuerzo.jpg\" class=\"attachment-full size-full\" alt=\"\" loading=\"lazy\" \/><\/a><\/div><div class='carousel-item'><a   href='https:\/\/mero.com.ar\/wp-content\/uploads\/2017\/07\/El-Tordillo-TecPetrol-1-1024x683.jpg'><img width=\"1024\" height=\"683\" src=\"https:\/\/mero.com.ar\/wp-content\/uploads\/2017\/07\/El-Tordillo-TecPetrol-1.jpg\" class=\"attachment-full size-full\" alt=\"\" loading=\"lazy\" \/><\/a><\/div><div class='carousel-item'><a   href='https:\/\/mero.com.ar\/wp-content\/uploads\/2017\/07\/Hidoexcavacion-1-1024x683.jpg'><img width=\"1024\" height=\"683\" src=\"https:\/\/mero.com.ar\/wp-content\/uploads\/2017\/07\/Hidoexcavacion-1.jpg\" class=\"attachment-full size-full\" alt=\"\" loading=\"lazy\" \/><\/a><\/div><div class='carousel-item'><a   href='https:\/\/mero.com.ar\/wp-content\/uploads\/2017\/07\/Hidoexcavacion-2-1024x683.jpg'><img width=\"1024\" height=\"683\" src=\"https:\/\/mero.com.ar\/wp-content\/uploads\/2017\/07\/Hidoexcavacion-2.jpg\" class=\"attachment-full size-full\" alt=\"\" loading=\"lazy\" \/><\/a><\/div>\r\n\t\t<\/div><\/div>\n\n<p>[\/vc_column_text][\/vc_column][\/vc_row]<\/p>\n","protected":false},"excerpt":{"rendered":"<p>[vc_row][vc_column][vc_separator][vc_custom_heading text=\u00bbMERO S.A. &#8211; Compa\u00f1\u00eda L\u00edder en la Cuenca del Golfo San Jorge\u00bb use_theme_fonts=\u00bbyes\u00bb font_weight=\u00bb400&#8243; text_transform=\u00bbnone\u00bb heading_style=\u00bbheading\u00bb sub_heading_character_color=\u00bbrgba(0,0,0,0.4)\u00bb][\/vc_column][\/vc_row][vc_row][vc_column width=\u00bb2\/3&#8243;][vc_column_text]Somos una empresa patag\u00f3nica de Servicios Petroleros y Gas\u00edferos\u00a0especializada en mantenimiento integral de instalaciones, con aplicaci\u00f3n de: tecnolog\u00eda, innovaci\u00f3n, desarrollo propio de equipos y productos, y mano de obra calificada; que nos permite continuar con la b\u00fasqueda de nuestro principal objetivo:\u00a0La Excelencia. Poseemos una reconocida experiencia brindando soluciones a las necesidades de nuestros Clientes, con m\u00e1s de\u00a030 a\u00f1os\u00a0de actividad, constituy\u00e9ndonos como una\u00a0Empresa referente\u00a0en las operaciones de las Cuencas del Golfo San Jorge, Austral, Neuquina, e incluso en el exterior.[\/vc_column_text][vc_custom_heading text=\u00bbRese\u00f1a Institucional \u00bb use_theme_fonts=\u00bbyes\u00bb font_weight=\u00bb400&#8243; text_transform=\u00bbnone\u00bb heading_style=\u00bbheading\u00bb sub_heading_character_color=\u00bbrgba(0,0,0,0.4)\u00bb][vc_column_text]MERO S.A. comenz\u00f3 sus actividades en el a\u00f1o 1984 desarrollando tareas de venta de productos qu\u00edmicos y lubricantes especiales, aplicados al mantenimiento preventivo de m\u00e1quinas, motores y equipos industriales. La inserci\u00f3n en la industria de grandes maquinas, potenci\u00f3 la evoluci\u00f3n t\u00e9cnica del Mantenimiento que por esos tiempos no brindaba la atenci\u00f3n acorde a las mismas, ni a los est\u00e1ndares internacionales: es as\u00ed como nace el Laboratorio Tribol\u00f3gico de Diagn\u00f3stico. En\u00a01993, con el desarrollo de nuevos productos relacionados al Mantenimiento Preventivo de Cajas Reductoras de AIB ( Aparatos Individuales de Bombeo ), comienza una etapa de servicios [&hellip;]<\/p>\n","protected":false},"author":1,"featured_media":0,"parent":0,"menu_order":0,"comment_status":"closed","ping_status":"closed","template":"","meta":[],"post_mailing_queue_ids":[],"_links":{"self":[{"href":"https:\/\/mero.com.ar\/index.php?rest_route=\/wp\/v2\/pages\/14"}],"collection":[{"href":"https:\/\/mero.com.ar\/index.php?rest_route=\/wp\/v2\/pages"}],"about":[{"href":"https:\/\/mero.com.ar\/index.php?rest_route=\/wp\/v2\/types\/page"}],"author":[{"embeddable":true,"href":"https:\/\/mero.com.ar\/index.php?rest_route=\/wp\/v2\/users\/1"}],"replies":[{"embeddable":true,"href":"https:\/\/mero.com.ar\/index.php?rest_route=%2Fwp%2Fv2%2Fcomments&post=14"}],"version-history":[{"count":0,"href":"https:\/\/mero.com.ar\/index.php?rest_route=\/wp\/v2\/pages\/14\/revisions"}],"wp:attachment":[{"href":"https:\/\/mero.com.ar\/index.php?rest_route=%2Fwp%2Fv2%2Fmedia&parent=14"}],"curies":[{"name":"wp","href":"https:\/\/api.w.org\/{rel}","templated":true}]}}